{"id":21003,"date":"2026-03-06T10:19:48","date_gmt":"2026-03-06T09:19:48","guid":{"rendered":"https:\/\/rosillohnos.com\/?page_id=21003"},"modified":"2026-03-06T10:30:24","modified_gmt":"2026-03-06T09:30:24","slug":"tarificador-moto","status":"publish","type":"page","link":"https:\/\/rosillohnos.com\/en\/tarificador-moto\/","title":{"rendered":"Tarificador Moto"},"content":{"rendered":"<div data-elementor-type=\"wp-page\" data-elementor-id=\"21003\" class=\"elementor elementor-21003\">\n\t\t\t\t<div class=\"elementor-element elementor-element-e5f8bbc e-flex e-con-boxed e-con e-parent\" data-id=\"e5f8bbc\" data-element_type=\"container\" data-e-type=\"container\">\n\t\t\t\t\t<div class=\"e-con-inner\">\n\t\t\t\t<div class=\"elementor-element elementor-element-afd30c0 elementor-widget elementor-widget-acheron_core_section_title\" data-id=\"afd30c0\" data-element_type=\"widget\" data-e-type=\"widget\" data-widget_type=\"acheron_core_section_title.default\">\n\t\t\t\t<div class=\"elementor-widget-container\">\n\t\t\t\t\t<div class=\"qodef-shortcode qodef-m  qodef-section-title qodef-alignment--left\">\n\t\t<h1 class=\"qodef-m-title\" style=\"color: #024502\">\n\t\t\t\t\tTarificador Moto\t\t\t<\/h1>\n\t\t<div class=\"qodef-m-text\" style=\"color: #C1A459\"><p>Calcula el precio de tu seguro de moto de forma r\u00e1pida y sin compromiso.<\/p><\/div>\n<\/div>\n\t\t\t\t<\/div>\n\t\t\t\t<\/div>\n\t\t\t\t\t<\/div>\n\t\t\t\t<\/div>\n\t\t<div class=\"elementor-element elementor-element-ef9d07d e-flex e-con-boxed e-con e-parent\" data-id=\"ef9d07d\" data-element_type=\"container\" data-e-type=\"container\">\n\t\t\t\t\t<div class=\"e-con-inner\">\n\t\t\t\t<div class=\"elementor-element elementor-element-99b5966 elementor-widget elementor-widget-html\" data-id=\"99b5966\" data-element_type=\"widget\" data-e-type=\"widget\" data-widget_type=\"html.default\">\n\t\t\t\t<div class=\"elementor-widget-container\">\n\t\t\t\t\t<script id=\"scriptAvant\"\nsrc=\"https:\/\/pwebrosillohnos.avant2.es\/avant\/configurador\/motos\/dist\/script.js\" subdomain=\"pwebrosillohnos\"><\/script>\t\t\t\t<\/div>\n\t\t\t\t<\/div>\n\t\t\t\t\t<\/div>\n\t\t\t\t<\/div>\n\t\t\t\t<\/div>","protected":false},"excerpt":{"rendered":"<p>Tarificador Moto Calcula el precio de tu seguro de moto de forma r\u00e1pida y sin compromiso.<\/p>","protected":false},"author":3,"featured_media":0,"parent":0,"menu_order":0,"comment_status":"closed","ping_status":"closed","template":"page-full-width.php","meta":{"footnotes":""},"class_list":["post-21003","page","type-page","status-publish","hentry"],"yoast_head":"<!-- This site is optimized with the Yoast SEO plugin v27.5 - https:\/\/yoast.com\/product\/yoast-seo-wordpress\/ -->\n<title>Tarificador Moto - Rosillo Hnos S.A<\/title>\n<meta name=\"robots\" content=\"index, follow, max-snippet:-1, max-image-preview:large, max-video-preview:-1\" \/>\n<link rel=\"canonical\" href=\"https:\/\/rosillohnos.com\/en\/tarificador-moto\/\" \/>\n<meta property=\"og:locale\" content=\"en_GB\" \/>\n<meta property=\"og:type\" content=\"article\" \/>\n<meta property=\"og:title\" content=\"Tarificador Moto - Rosillo Hnos S.A\" \/>\n<meta property=\"og:description\" content=\"Tarificador Moto Calcula el precio de tu seguro de moto de forma r\u00e1pida y sin compromiso.\" \/>\n<meta property=\"og:url\" content=\"https:\/\/rosillohnos.com\/en\/tarificador-moto\/\" \/>\n<meta property=\"og:site_name\" content=\"Rosillo Hnos S.A\" \/>\n<meta property=\"article:publisher\" content=\"https:\/\/www.facebook.com\/RosilloHnosCorreduria\/\" \/>\n<meta property=\"article:modified_time\" content=\"2026-03-06T09:30:24+00:00\" \/>\n<meta name=\"twitter:card\" content=\"summary_large_image\" \/>\n<meta name=\"twitter:label1\" content=\"Est. reading time\" \/>\n\t<meta name=\"twitter:data1\" content=\"1 minute\" \/>\n<script type=\"application\/ld+json\" class=\"yoast-schema-graph\">{\"@context\":\"https:\\\/\\\/schema.org\",\"@graph\":[{\"@type\":\"WebPage\",\"@id\":\"https:\\\/\\\/rosillohnos.com\\\/tarificador-moto\\\/\",\"url\":\"https:\\\/\\\/rosillohnos.com\\\/tarificador-moto\\\/\",\"name\":\"Tarificador Moto - Rosillo Hnos S.A\",\"isPartOf\":{\"@id\":\"https:\\\/\\\/rosillohnos.com\\\/#website\"},\"datePublished\":\"2026-03-06T09:19:48+00:00\",\"dateModified\":\"2026-03-06T09:30:24+00:00\",\"breadcrumb\":{\"@id\":\"https:\\\/\\\/rosillohnos.com\\\/tarificador-moto\\\/#breadcrumb\"},\"inLanguage\":\"en-GB\",\"potentialAction\":[{\"@type\":\"ReadAction\",\"target\":[\"https:\\\/\\\/rosillohnos.com\\\/tarificador-moto\\\/\"]}]},{\"@type\":\"BreadcrumbList\",\"@id\":\"https:\\\/\\\/rosillohnos.com\\\/tarificador-moto\\\/#breadcrumb\",\"itemListElement\":[{\"@type\":\"ListItem\",\"position\":1,\"name\":\"Portada\",\"item\":\"https:\\\/\\\/rosillohnos.com\\\/\"},{\"@type\":\"ListItem\",\"position\":2,\"name\":\"Tarificador Moto\"}]},{\"@type\":\"WebSite\",\"@id\":\"https:\\\/\\\/rosillohnos.com\\\/#website\",\"url\":\"https:\\\/\\\/rosillohnos.com\\\/\",\"name\":\"Rosillo Hnos S.A\",\"description\":\"Desde hace m\u00e1s de 25 a\u00f1os en Rosillo Hermanos tenemos el compromiso de ofrecer a particulares, aut\u00f3nomos y empresas, un servicio profesional y de calidad.\",\"publisher\":{\"@id\":\"https:\\\/\\\/rosillohnos.com\\\/#organization\"},\"potentialAction\":[{\"@type\":\"SearchAction\",\"target\":{\"@type\":\"EntryPoint\",\"urlTemplate\":\"https:\\\/\\\/rosillohnos.com\\\/?s={search_term_string}\"},\"query-input\":{\"@type\":\"PropertyValueSpecification\",\"valueRequired\":true,\"valueName\":\"search_term_string\"}}],\"inLanguage\":\"en-GB\"},{\"@type\":\"Organization\",\"@id\":\"https:\\\/\\\/rosillohnos.com\\\/#organization\",\"name\":\"Rosillo Hnos S.A\",\"url\":\"https:\\\/\\\/rosillohnos.com\\\/\",\"logo\":{\"@type\":\"ImageObject\",\"inLanguage\":\"en-GB\",\"@id\":\"https:\\\/\\\/rosillohnos.com\\\/#\\\/schema\\\/logo\\\/image\\\/\",\"url\":\"https:\\\/\\\/rosillohnos.com\\\/wp-content\\\/uploads\\\/Rosillo-logo-2021.png\",\"contentUrl\":\"https:\\\/\\\/rosillohnos.com\\\/wp-content\\\/uploads\\\/Rosillo-logo-2021.png\",\"width\":1691,\"height\":573,\"caption\":\"Rosillo Hnos S.A\"},\"image\":{\"@id\":\"https:\\\/\\\/rosillohnos.com\\\/#\\\/schema\\\/logo\\\/image\\\/\"},\"sameAs\":[\"https:\\\/\\\/www.facebook.com\\\/RosilloHnosCorreduria\\\/\",\"https:\\\/\\\/www.linkedin.com\\\/company\\\/rosillo-hermanos-corredura-de-seguros\\\/\",\"https:\\\/\\\/www.instagram.com\\\/rosillohnos\\\/\"]}]}<\/script>\n<!-- \/ Yoast SEO plugin. -->","yoast_head_json":{"title":"Tarificador Moto - Rosillo Hnos S.A","robots":{"index":"index","follow":"follow","max-snippet":"max-snippet:-1","max-image-preview":"max-image-preview:large","max-video-preview":"max-video-preview:-1"},"canonical":"https:\/\/rosillohnos.com\/en\/tarificador-moto\/","og_locale":"en_GB","og_type":"article","og_title":"Tarificador Moto - Rosillo Hnos S.A","og_description":"Tarificador Moto Calcula el precio de tu seguro de moto de forma r\u00e1pida y sin compromiso.","og_url":"https:\/\/rosillohnos.com\/en\/tarificador-moto\/","og_site_name":"Rosillo Hnos S.A","article_publisher":"https:\/\/www.facebook.com\/RosilloHnosCorreduria\/","article_modified_time":"2026-03-06T09:30:24+00:00","twitter_card":"summary_large_image","twitter_misc":{"Est. reading time":"1 minute"},"schema":{"@context":"https:\/\/schema.org","@graph":[{"@type":"WebPage","@id":"https:\/\/rosillohnos.com\/tarificador-moto\/","url":"https:\/\/rosillohnos.com\/tarificador-moto\/","name":"Tarificador Moto - Rosillo Hnos S.A","isPartOf":{"@id":"https:\/\/rosillohnos.com\/#website"},"datePublished":"2026-03-06T09:19:48+00:00","dateModified":"2026-03-06T09:30:24+00:00","breadcrumb":{"@id":"https:\/\/rosillohnos.com\/tarificador-moto\/#breadcrumb"},"inLanguage":"en-GB","potentialAction":[{"@type":"ReadAction","target":["https:\/\/rosillohnos.com\/tarificador-moto\/"]}]},{"@type":"BreadcrumbList","@id":"https:\/\/rosillohnos.com\/tarificador-moto\/#breadcrumb","itemListElement":[{"@type":"ListItem","position":1,"name":"Portada","item":"https:\/\/rosillohnos.com\/"},{"@type":"ListItem","position":2,"name":"Tarificador Moto"}]},{"@type":"WebSite","@id":"https:\/\/rosillohnos.com\/#website","url":"https:\/\/rosillohnos.com\/","name":"Rosillo Hnos S.A","description":"Desde hace m\u00e1s de 25 a\u00f1os en Rosillo Hermanos tenemos el compromiso de ofrecer a particulares, aut\u00f3nomos y empresas, un servicio profesional y de calidad.","publisher":{"@id":"https:\/\/rosillohnos.com\/#organization"},"potentialAction":[{"@type":"SearchAction","target":{"@type":"EntryPoint","urlTemplate":"https:\/\/rosillohnos.com\/?s={search_term_string}"},"query-input":{"@type":"PropertyValueSpecification","valueRequired":true,"valueName":"search_term_string"}}],"inLanguage":"en-GB"},{"@type":"Organization","@id":"https:\/\/rosillohnos.com\/#organization","name":"Rosillo Hnos S.A","url":"https:\/\/rosillohnos.com\/","logo":{"@type":"ImageObject","inLanguage":"en-GB","@id":"https:\/\/rosillohnos.com\/#\/schema\/logo\/image\/","url":"https:\/\/rosillohnos.com\/wp-content\/uploads\/Rosillo-logo-2021.png","contentUrl":"https:\/\/rosillohnos.com\/wp-content\/uploads\/Rosillo-logo-2021.png","width":1691,"height":573,"caption":"Rosillo Hnos S.A"},"image":{"@id":"https:\/\/rosillohnos.com\/#\/schema\/logo\/image\/"},"sameAs":["https:\/\/www.facebook.com\/RosilloHnosCorreduria\/","https:\/\/www.linkedin.com\/company\/rosillo-hermanos-corredura-de-seguros\/","https:\/\/www.instagram.com\/rosillohnos\/"]}]}},"_links":{"self":[{"href":"https:\/\/rosillohnos.com\/en\/wp-json\/wp\/v2\/pages\/21003","targetHints":{"allow":["GET"]}}],"collection":[{"href":"https:\/\/rosillohnos.com\/en\/wp-json\/wp\/v2\/pages"}],"about":[{"href":"https:\/\/rosillohnos.com\/en\/wp-json\/wp\/v2\/types\/page"}],"author":[{"embeddable":true,"href":"https:\/\/rosillohnos.com\/en\/wp-json\/wp\/v2\/users\/3"}],"replies":[{"embeddable":true,"href":"https:\/\/rosillohnos.com\/en\/wp-json\/wp\/v2\/comments?post=21003"}],"version-history":[{"count":12,"href":"https:\/\/rosillohnos.com\/en\/wp-json\/wp\/v2\/pages\/21003\/revisions"}],"predecessor-version":[{"id":21028,"href":"https:\/\/rosillohnos.com\/en\/wp-json\/wp\/v2\/pages\/21003\/revisions\/21028"}],"wp:attachment":[{"href":"https:\/\/rosillohnos.com\/en\/wp-json\/wp\/v2\/media?parent=21003"}],"curies":[{"name":"wp","href":"https:\/\/api.w.org\/{rel}","templated":true}]}}