{"id":19746,"date":"2025-06-18T07:48:27","date_gmt":"2025-06-18T07:48:27","guid":{"rendered":"https:\/\/rosillohnos.com\/?page_id=19746"},"modified":"2026-02-11T09:05:36","modified_gmt":"2026-02-11T09:05:36","slug":"contratacion-directa","status":"publish","type":"page","link":"https:\/\/rosillohnos.com\/en\/contratacion-directa\/","title":{"rendered":"Hire yourself"},"content":{"rendered":"\t\t<div data-elementor-type=\"wp-page\" data-elementor-id=\"19746\" class=\"elementor elementor-19746\">\n\t\t\t\t<div class=\"elementor-element elementor-element-5ddf1e9 e-con-full qodef-bg-scale-animation e-flex e-con e-parent\" data-id=\"5ddf1e9\" data-element_type=\"container\" data-e-type=\"container\" data-settings=\"{&quot;background_background&quot;:&quot;slideshow&quot;,&quot;background_slideshow_slide_transition&quot;:&quot;slide_up&quot;,&quot;background_slideshow_gallery&quot;:[{&quot;id&quot;:19750,&quot;url&quot;:&quot;https:\\\/\\\/rosillohnos.com\\\/wp-content\\\/uploads\\\/myworld-standard-banner-online-shopping-1920x540-.jpg&quot;},{&quot;id&quot;:19751,&quot;url&quot;:&quot;https:\\\/\\\/rosillohnos.com\\\/wp-content\\\/uploads\\\/pago-internet.webp&quot;}],&quot;background_slideshow_loop&quot;:&quot;yes&quot;,&quot;background_slideshow_slide_duration&quot;:5000,&quot;background_slideshow_transition_duration&quot;:500}\">\n\t\t\t\t<div class=\"elementor-element elementor-element-936930f elementor-widget elementor-widget-acheron_core_custom_font\" data-id=\"936930f\" data-element_type=\"widget\" data-e-type=\"widget\" data-widget_type=\"acheron_core_custom_font.default\">\n\t\t\t\t<div class=\"elementor-widget-container\">\n\t\t\t\t\t<h1 class=\"qodef-shortcode qodef-m  qodef-custom-font qodef-custom-font-309 qodef-layout--simple\" >Tu seguro en un click<\/h1>\n\t\t\t\t<\/div>\n\t\t\t\t<\/div>\n\t\t\t\t<div class=\"elementor-element elementor-element-81437a3 elementor-widget__width-initial elementor-widget elementor-widget-text-editor\" data-id=\"81437a3\" data-element_type=\"widget\" data-e-type=\"widget\" data-widget_type=\"text-editor.default\">\n\t\t\t\t<div class=\"elementor-widget-container\">\n\t\t\t\t\t\t\t\t\t<p>Estos son los seguros que podemos ofrecerte para que contrates por tu cuenta.<\/p>\t\t\t\t\t\t\t\t<\/div>\n\t\t\t\t<\/div>\n\t\t\t\t<\/div>\n\t\t<div class=\"elementor-element elementor-element-18bee40 e-grid e-con-full e-con e-parent\" data-id=\"18bee40\" data-element_type=\"container\" data-e-type=\"container\">\n\t\t<div class=\"elementor-element elementor-element-112f840 e-flex e-con-boxed e-con e-child\" data-id=\"112f840\" data-element_type=\"container\" data-e-type=\"container\" data-settings=\"{&quot;background_background&quot;:&quot;classic&quot;}\">\n\t\t\t\t\t<div class=\"e-con-inner\">\n\t\t<div class=\"elementor-element elementor-element-dac0fd2 e-flex e-con-boxed e-con e-child\" data-id=\"dac0fd2\" data-element_type=\"container\" data-e-type=\"container\" data-settings=\"{&quot;position&quot;:&quot;absolute&quot;}\">\n\t\t\t\t\t<div class=\"e-con-inner\">\n\t\t<div class=\"elementor-element elementor-element-8f39564 e-con-full e-flex e-con e-child\" data-id=\"8f39564\" data-element_type=\"container\" data-e-type=\"container\">\n\t\t\t\t<div class=\"elementor-element elementor-element-14aadc7 elementor-widget elementor-widget-qi_addons_for_elementor_info_cards\" data-id=\"14aadc7\" data-element_type=\"widget\" data-e-type=\"widget\" data-widget_type=\"qi_addons_for_elementor_info_cards.default\">\n\t\t\t\t<div class=\"elementor-widget-container\">\n\t\t\t\t\t<div class=\"qodef-shortcode qodef-m qodef-qi-info-cards qodef-layout--top qodef--\">\n\t\t<div class=\"qodef-m-content\">\n\t\t\t<h6 class=\"qodef-m-subtitle\">\n\t\tSeguro R.C. para\t<\/h6>\n\t\t\t<h2 class=\"qodef-m-title\">\n\t\t\t\t\tMASCOTAS\t\t\t<\/h2>\n\t\t\t<p class=\"qodef-m-text\">Contrata online el seguro ideal para tu compa\u00f1ero de forma r\u00e1pida, sencilla y 100% digital. \n<\/p>\n\t<\/div>\n\t\t<\/div>\n\t\t\t\t<\/div>\n\t\t\t\t<\/div>\n\t\t\t\t<div class=\"elementor-element elementor-element-45ffc29 elementor-widget elementor-widget-acheron_core_button\" data-id=\"45ffc29\" data-element_type=\"widget\" data-e-type=\"widget\" data-widget_type=\"acheron_core_button.default\">\n\t\t\t\t<div class=\"elementor-widget-container\">\n\t\t\t\t\t<a class=\"qodef-shortcode qodef-m  qodef-button qodef-layout--textual  qodef-html--link\" href=\"https:\/\/www.helvetia.es\/calcular\/seguro-de-responsabilidad-civil-para-perros\/mi-seguro\/numero-perros?agente=4001522&#038;idM=4001522\" target=\"_blank\" style=\"--qode-button-color: #F9F7F8;--qode-button-hover-color: #F9F7F8;font-size: 18px\">\n\t\t<span class=\"qodef-m-text\">Contratar<\/span>\n<\/a>\n\t\t\t\t<\/div>\n\t\t\t\t<\/div>\n\t\t\t\t<\/div>\n\t\t\t\t\t<\/div>\n\t\t\t\t<\/div>\n\t\t\t\t\t<\/div>\n\t\t\t\t<\/div>\n\t\t<div class=\"elementor-element elementor-element-f90232e e-flex e-con-boxed e-con e-child\" data-id=\"f90232e\" data-element_type=\"container\" data-e-type=\"container\" data-settings=\"{&quot;background_background&quot;:&quot;classic&quot;}\">\n\t\t\t\t\t<div class=\"e-con-inner\">\n\t\t<div class=\"elementor-element elementor-element-d4e3366 e-con-full e-flex e-con e-child\" data-id=\"d4e3366\" data-element_type=\"container\" data-e-type=\"container\" data-settings=\"{&quot;position&quot;:&quot;absolute&quot;}\">\n\t\t<div class=\"elementor-element elementor-element-45bf768 e-con-full e-flex e-con e-child\" data-id=\"45bf768\" data-element_type=\"container\" data-e-type=\"container\">\n\t\t\t\t<div class=\"elementor-element elementor-element-80d5762 elementor-widget elementor-widget-qi_addons_for_elementor_info_cards\" data-id=\"80d5762\" data-element_type=\"widget\" data-e-type=\"widget\" data-widget_type=\"qi_addons_for_elementor_info_cards.default\">\n\t\t\t\t<div class=\"elementor-widget-container\">\n\t\t\t\t\t<div class=\"qodef-shortcode qodef-m qodef-qi-info-cards qodef-layout--top qodef--\">\n\t\t<div class=\"qodef-m-content\">\n\t\t\t<h6 class=\"qodef-m-subtitle\">\n\t\tCobertura temporal\t<\/h6>\n\t\t\t<h2 class=\"qodef-m-title\">\n\t\t\t\t\tSEGURO POR DIAS\t\t\t<\/h2>\n\t\t\t<p class=\"qodef-m-text\">R\u00e1pido, legal y sin ataduras. \nPaga solo por el tiempo que lo usas.<\/p>\n\t<\/div>\n\t\t<\/div>\n\t\t\t\t<\/div>\n\t\t\t\t<\/div>\n\t\t\t\t<div class=\"elementor-element elementor-element-7e0bfb7 elementor-widget elementor-widget-acheron_core_button\" data-id=\"7e0bfb7\" data-element_type=\"widget\" data-e-type=\"widget\" data-widget_type=\"acheron_core_button.default\">\n\t\t\t\t<div class=\"elementor-widget-container\">\n\t\t\t\t\t<a class=\"qodef-shortcode qodef-m  qodef-button qodef-layout--textual  qodef-html--link\" href=\"https:\/\/seguropordias.com\/?c=938148d97d655ba8184f8216d951b13c&#038;ref_externa=\" target=\"_blank\" style=\"--qode-button-color: #FFFFFF;--qode-button-hover-color: #FFFFFF;font-size: 18px\">\n\t\t<span class=\"qodef-m-text\">Contratar<\/span>\n<\/a>\n\t\t\t\t<\/div>\n\t\t\t\t<\/div>\n\t\t\t\t<\/div>\n\t\t\t\t<\/div>\n\t\t\t\t\t<\/div>\n\t\t\t\t<\/div>\n\t\t<div class=\"elementor-element elementor-element-505703e e-flex e-con-boxed e-con e-child\" data-id=\"505703e\" data-element_type=\"container\" data-e-type=\"container\" data-settings=\"{&quot;background_background&quot;:&quot;classic&quot;}\">\n\t\t\t\t\t<div class=\"e-con-inner\">\n\t\t<div class=\"elementor-element elementor-element-555cd281 e-con-full e-flex e-con e-child\" data-id=\"555cd281\" data-element_type=\"container\" data-e-type=\"container\" data-settings=\"{&quot;position&quot;:&quot;absolute&quot;}\">\n\t\t<div class=\"elementor-element elementor-element-5e0e2b1f e-con-full e-flex e-con e-child\" data-id=\"5e0e2b1f\" data-element_type=\"container\" data-e-type=\"container\">\n\t\t\t\t<div class=\"elementor-element elementor-element-43462c00 elementor-widget elementor-widget-qi_addons_for_elementor_info_cards\" data-id=\"43462c00\" data-element_type=\"widget\" data-e-type=\"widget\" data-widget_type=\"qi_addons_for_elementor_info_cards.default\">\n\t\t\t\t<div class=\"elementor-widget-container\">\n\t\t\t\t\t<div class=\"qodef-shortcode qodef-m qodef-qi-info-cards qodef-layout--top qodef--\">\n\t\t<div class=\"qodef-m-content\">\n\t\t\t<h6 class=\"qodef-m-subtitle\">\n\t\tAsistencia en Viaje\t<\/h6>\n\t\t\t<h2 class=\"qodef-m-title\">\n\t\t\t\t\tESTUDIANTES\t\t\t<\/h2>\n\t\t\t<p class=\"qodef-m-text\">\u00bfEres residente espa\u00f1ol y viajas al extranjero? Activa al instante tu seguro. Sin llamadas, sin papeleo.\n<\/p>\n\t<\/div>\n\t\t<\/div>\n\t\t\t\t<\/div>\n\t\t\t\t<\/div>\n\t\t\t\t<div class=\"elementor-element elementor-element-5fe17087 elementor-widget elementor-widget-acheron_core_button\" data-id=\"5fe17087\" data-element_type=\"widget\" data-e-type=\"widget\" data-widget_type=\"acheron_core_button.default\">\n\t\t\t\t<div class=\"elementor-widget-container\">\n\t\t\t\t\t<a class=\"qodef-shortcode qodef-m  qodef-button qodef-layout--textual  qodef-html--link\" href=\"https:\/\/funnel.europ.es\/funnel\/buy-product\/4MT\/0063830\" target=\"_blank\" style=\"--qode-button-color: #024502;--qode-button-hover-color: #024502;font-size: 18px\">\n\t\t<span class=\"qodef-m-text\">Contratar<\/span>\n<\/a>\n\t\t\t\t<\/div>\n\t\t\t\t<\/div>\n\t\t\t\t<\/div>\n\t\t\t\t<\/div>\n\t\t\t\t\t<\/div>\n\t\t\t\t<\/div>\n\t\t<div class=\"elementor-element elementor-element-6272bda e-flex e-con-boxed e-con e-child\" data-id=\"6272bda\" data-element_type=\"container\" data-e-type=\"container\" data-settings=\"{&quot;background_background&quot;:&quot;classic&quot;}\">\n\t\t\t\t\t<div class=\"e-con-inner\">\n\t\t<div class=\"elementor-element elementor-element-2f9ed1e e-con-full e-flex e-con e-child\" data-id=\"2f9ed1e\" data-element_type=\"container\" data-e-type=\"container\" data-settings=\"{&quot;position&quot;:&quot;absolute&quot;}\">\n\t\t<div class=\"elementor-element elementor-element-ea51814 e-con-full e-flex e-con e-child\" data-id=\"ea51814\" data-element_type=\"container\" data-e-type=\"container\">\n\t\t\t\t<div class=\"elementor-element elementor-element-699aa35 elementor-widget elementor-widget-qi_addons_for_elementor_info_cards\" data-id=\"699aa35\" data-element_type=\"widget\" data-e-type=\"widget\" data-widget_type=\"qi_addons_for_elementor_info_cards.default\">\n\t\t\t\t<div class=\"elementor-widget-container\">\n\t\t\t\t\t<div class=\"qodef-shortcode qodef-m qodef-qi-info-cards qodef-layout--top qodef--\">\n\t\t<div class=\"qodef-m-content\">\n\t\t\t<h6 class=\"qodef-m-subtitle\">\n\t\tSeguro de\t<\/h6>\n\t\t\t<h2 class=\"qodef-m-title\">\n\t\t\t\t\tVIAJE\t\t\t<\/h2>\n\t\t\t<p class=\"qodef-m-text\">Maleta lista, billete en mano\u2026\nsolo falta proteger tu viaje. \nPara los que se lanzan al mundo sin miedo, pero con cabeza.\n<\/p>\n\t<\/div>\n\t\t<\/div>\n\t\t\t\t<\/div>\n\t\t\t\t<\/div>\n\t\t\t\t<div class=\"elementor-element elementor-element-2f78d75 elementor-widget elementor-widget-acheron_core_button\" data-id=\"2f78d75\" data-element_type=\"widget\" data-e-type=\"widget\" data-widget_type=\"acheron_core_button.default\">\n\t\t\t\t<div class=\"elementor-widget-container\">\n\t\t\t\t\t<a class=\"qodef-shortcode qodef-m  qodef-button qodef-layout--textual  qodef-html--link\" href=\"https:\/\/www.intermundial.es\/afiliados\/seguros-de-viaje-recomendado?utm_source=Affiliates&#038;utm_medium=Affiliates&#038;utm_campaign=General&#038;utm_term=686e2aa928dcf&#038;utm_content=686e2aa928dcf\" target=\"_blank\" style=\"--qode-button-color: #024502;--qode-button-hover-color: #024502;font-size: 18px\">\n\t\t<span class=\"qodef-m-text\">Contratar<\/span>\n<\/a>\n\t\t\t\t<\/div>\n\t\t\t\t<\/div>\n\t\t\t\t<div class=\"elementor-element elementor-element-8885849 elementor-hidden-desktop elementor-hidden-tablet elementor-hidden-mobile elementor-widget elementor-widget-qi_addons_for_elementor_highlight\" data-id=\"8885849\" data-element_type=\"widget\" data-e-type=\"widget\" data-widget_type=\"qi_addons_for_elementor_highlight.default\">\n\t\t\t\t<div class=\"elementor-widget-container\">\n\t\t\t\t\t<p class=\"qodef-shortcode qodef-m qodef-qi-highlight qodef-highlight-style--color\" >\n\tPr\u00f3ximamente...<\/p>\n\t\t\t\t<\/div>\n\t\t\t\t<\/div>\n\t\t\t\t<\/div>\n\t\t\t\t<\/div>\n\t\t\t\t\t<\/div>\n\t\t\t\t<\/div>\n\t\t<div class=\"elementor-element elementor-element-c6c8fe6 e-flex e-con-boxed e-con e-child\" data-id=\"c6c8fe6\" data-element_type=\"container\" data-e-type=\"container\" data-settings=\"{&quot;background_background&quot;:&quot;classic&quot;}\">\n\t\t\t\t\t<div class=\"e-con-inner\">\n\t\t<div class=\"elementor-element elementor-element-e61f960 e-con-full e-flex e-con e-child\" data-id=\"e61f960\" data-element_type=\"container\" data-e-type=\"container\" data-settings=\"{&quot;position&quot;:&quot;absolute&quot;}\">\n\t\t<div class=\"elementor-element elementor-element-bff8c33 e-con-full e-flex e-con e-child\" data-id=\"bff8c33\" data-element_type=\"container\" data-e-type=\"container\">\n\t\t\t\t<div class=\"elementor-element elementor-element-831fc7b elementor-widget elementor-widget-qi_addons_for_elementor_info_cards\" data-id=\"831fc7b\" data-element_type=\"widget\" data-e-type=\"widget\" data-widget_type=\"qi_addons_for_elementor_info_cards.default\">\n\t\t\t\t<div class=\"elementor-widget-container\">\n\t\t\t\t\t<div class=\"qodef-shortcode qodef-m qodef-qi-info-cards qodef-layout--top qodef--\">\n\t\t<div class=\"qodef-m-content\">\n\t\t\t<h6 class=\"qodef-m-subtitle\">\n\t\tSeguro de\t<\/h6>\n\t\t\t<h2 class=\"qodef-m-title\">\n\t\t\t\t\tDECESOS\t\t\t<\/h2>\n\t\t\t<p class=\"qodef-m-text\">Porque cuidar de los que amas es para siempre. Contrata tu seguro de decesos en 2 minutos y dales la tranquilidad que merecen.\n<\/p>\n\t<\/div>\n\t\t<\/div>\n\t\t\t\t<\/div>\n\t\t\t\t<\/div>\n\t\t\t\t<div class=\"elementor-element elementor-element-9befd14 elementor-widget elementor-widget-acheron_core_button\" data-id=\"9befd14\" data-element_type=\"widget\" data-e-type=\"widget\" data-widget_type=\"acheron_core_button.default\">\n\t\t\t\t<div class=\"elementor-widget-container\">\n\t\t\t\t\t<a class=\"qodef-shortcode qodef-m  qodef-button qodef-layout--textual  qodef-html--link\" href=\"https:\/\/www.helvetia.es\/public\/tarificadorZ02Web?agente=4001522&#038;idM=4001522\" target=\"_blank\" style=\"--qode-button-color: #F9F7F8;--qode-button-hover-color: #F9F7F8;font-size: 18px\">\n\t\t<span class=\"qodef-m-text\">Contratar<\/span>\n<\/a>\n\t\t\t\t<\/div>\n\t\t\t\t<\/div>\n\t\t\t\t<\/div>\n\t\t\t\t<\/div>\n\t\t\t\t\t<\/div>\n\t\t\t\t<\/div>\n\t\t\t\t<\/div>\n\t\t<div class=\"elementor-element elementor-element-1781bd6 e-con-full e-flex e-con e-parent\" data-id=\"1781bd6\" data-element_type=\"container\" data-e-type=\"container\" data-settings=\"{&quot;background_background&quot;:&quot;classic&quot;}\">\n\t\t\t\t<div class=\"elementor-element elementor-element-6d55013 elementor-widget elementor-widget-acheron_core_text_marquee\" data-id=\"6d55013\" data-element_type=\"widget\" data-e-type=\"widget\" data-widget_type=\"acheron_core_text_marquee.default\">\n\t\t\t\t<div class=\"elementor-widget-container\">\n\t\t\t\t\t<div class=\"qodef-shortcode qodef-m  qodef-text-marquee qodef-text-marquee-109 qodef-layout--default qodef-direction--left\" >\n\t<div class=\"qodef-m-content\" style=\"font-size: 15px;font-weight: 200;font-style: italic\">\n\t\t<div class=\"qodef-m-content-inner\">\n\t\t\t\t\t\t\t<span class=\"qodef-m-text-1\" style=\"color:#C1A459\">\n<!--\t\t\t\t\t-->                    Copyright \u00a9 2025 Rosillo Hnos. Corredur\u00eda de seguros. Todos los derechos reservados\t\t\t\t<\/span>\n\t\t\t\t\t\t\t\t<\/div>\n\t<\/div>\n<\/div>\n\t\t\t\t<\/div>\n\t\t\t\t<\/div>\n\t\t\t\t<\/div>\n\t\t\t\t<\/div>\n\t\t","protected":false},"excerpt":{"rendered":"<p>Tu seguro en un click Estos son los seguros que podemos ofrecerte para que contrates por tu cuenta. Seguro R.C. para MASCOTAS Contrata online el seguro ideal para tu compa\u00f1ero de forma r\u00e1pida, sencilla y 100% digital. Contratar Cobertura temporal SEGURO POR DIAS R\u00e1pido, legal y sin ataduras. Paga solo por el tiempo que lo [&hellip;]<\/p>\n","protected":false},"author":3,"featured_media":0,"parent":0,"menu_order":0,"comment_status":"closed","ping_status":"closed","template":"page-full-width.php","meta":{"footnotes":""},"class_list":["post-19746","page","type-page","status-publish","hentry"],"yoast_head":"<!-- This site is optimized with the Yoast SEO plugin v27.6 - https:\/\/yoast.com\/product\/yoast-seo-wordpress\/ -->\n<title>Contrataci\u00f3n Directa - Rosillo Hnos S.A<\/title>\n<meta name=\"description\" content=\"Contrata tu seguro directamente. R\u00e1pido, seguro y f\u00e1cil, t\u00fa mismo en pocos minutos.\" \/>\n<meta name=\"robots\" content=\"index, follow, max-snippet:-1, max-image-preview:large, max-video-preview:-1\" \/>\n<link rel=\"canonical\" href=\"https:\/\/rosillohnos.com\/en\/contratacion-directa\/\" \/>\n<meta property=\"og:locale\" content=\"en_GB\" \/>\n<meta property=\"og:type\" content=\"article\" \/>\n<meta property=\"og:title\" content=\"Contrataci\u00f3n Directa - Rosillo Hnos S.A\" \/>\n<meta property=\"og:description\" content=\"Contrata tu seguro directamente. R\u00e1pido, seguro y f\u00e1cil, t\u00fa mismo en pocos minutos.\" \/>\n<meta property=\"og:url\" content=\"https:\/\/rosillohnos.com\/en\/contratacion-directa\/\" \/>\n<meta property=\"og:site_name\" content=\"Rosillo Hnos S.A\" \/>\n<meta property=\"article:publisher\" content=\"https:\/\/www.facebook.com\/RosilloHnosCorreduria\/\" \/>\n<meta property=\"article:modified_time\" content=\"2026-02-11T09:05:36+00:00\" \/>\n<meta name=\"twitter:card\" content=\"summary_large_image\" \/>\n<meta name=\"twitter:label1\" content=\"Est. reading time\" \/>\n\t<meta name=\"twitter:data1\" content=\"1 minute\" \/>\n<script type=\"application\/ld+json\" class=\"yoast-schema-graph\">{\"@context\":\"https:\\\/\\\/schema.org\",\"@graph\":[{\"@type\":\"WebPage\",\"@id\":\"https:\\\/\\\/rosillohnos.com\\\/contratacion-directa\\\/\",\"url\":\"https:\\\/\\\/rosillohnos.com\\\/contratacion-directa\\\/\",\"name\":\"Contrataci\u00f3n Directa - Rosillo Hnos S.A\",\"isPartOf\":{\"@id\":\"https:\\\/\\\/rosillohnos.com\\\/#website\"},\"datePublished\":\"2025-06-18T07:48:27+00:00\",\"dateModified\":\"2026-02-11T09:05:36+00:00\",\"description\":\"Contrata tu seguro directamente. R\u00e1pido, seguro y f\u00e1cil, t\u00fa mismo en pocos minutos.\",\"breadcrumb\":{\"@id\":\"https:\\\/\\\/rosillohnos.com\\\/contratacion-directa\\\/#breadcrumb\"},\"inLanguage\":\"en-GB\",\"potentialAction\":[{\"@type\":\"ReadAction\",\"target\":[\"https:\\\/\\\/rosillohnos.com\\\/contratacion-directa\\\/\"]}]},{\"@type\":\"BreadcrumbList\",\"@id\":\"https:\\\/\\\/rosillohnos.com\\\/contratacion-directa\\\/#breadcrumb\",\"itemListElement\":[{\"@type\":\"ListItem\",\"position\":1,\"name\":\"Portada\",\"item\":\"https:\\\/\\\/rosillohnos.com\\\/\"},{\"@type\":\"ListItem\",\"position\":2,\"name\":\"Contrataci\u00f3n Directa\"}]},{\"@type\":\"WebSite\",\"@id\":\"https:\\\/\\\/rosillohnos.com\\\/#website\",\"url\":\"https:\\\/\\\/rosillohnos.com\\\/\",\"name\":\"Rosillo Hnos S.A\",\"description\":\"Desde hace m\u00e1s de 25 a\u00f1os en Rosillo Hermanos tenemos el compromiso de ofrecer a particulares, aut\u00f3nomos y empresas, un servicio profesional y de calidad.\",\"publisher\":{\"@id\":\"https:\\\/\\\/rosillohnos.com\\\/#organization\"},\"potentialAction\":[{\"@type\":\"SearchAction\",\"target\":{\"@type\":\"EntryPoint\",\"urlTemplate\":\"https:\\\/\\\/rosillohnos.com\\\/?s={search_term_string}\"},\"query-input\":{\"@type\":\"PropertyValueSpecification\",\"valueRequired\":true,\"valueName\":\"search_term_string\"}}],\"inLanguage\":\"en-GB\"},{\"@type\":\"Organization\",\"@id\":\"https:\\\/\\\/rosillohnos.com\\\/#organization\",\"name\":\"Rosillo Hnos S.A\",\"url\":\"https:\\\/\\\/rosillohnos.com\\\/\",\"logo\":{\"@type\":\"ImageObject\",\"inLanguage\":\"en-GB\",\"@id\":\"https:\\\/\\\/rosillohnos.com\\\/#\\\/schema\\\/logo\\\/image\\\/\",\"url\":\"https:\\\/\\\/rosillohnos.com\\\/wp-content\\\/uploads\\\/Rosillo-logo-2021.png\",\"contentUrl\":\"https:\\\/\\\/rosillohnos.com\\\/wp-content\\\/uploads\\\/Rosillo-logo-2021.png\",\"width\":1691,\"height\":573,\"caption\":\"Rosillo Hnos S.A\"},\"image\":{\"@id\":\"https:\\\/\\\/rosillohnos.com\\\/#\\\/schema\\\/logo\\\/image\\\/\"},\"sameAs\":[\"https:\\\/\\\/www.facebook.com\\\/RosilloHnosCorreduria\\\/\",\"https:\\\/\\\/www.linkedin.com\\\/company\\\/rosillo-hermanos-corredura-de-seguros\\\/\",\"https:\\\/\\\/www.instagram.com\\\/rosillohnos\\\/\"]}]}<\/script>\n<!-- \/ Yoast SEO plugin. -->","yoast_head_json":{"title":"Contrataci\u00f3n Directa - Rosillo Hnos S.A","description":"Contrata tu seguro directamente. R\u00e1pido, seguro y f\u00e1cil, t\u00fa mismo en pocos minutos.","robots":{"index":"index","follow":"follow","max-snippet":"max-snippet:-1","max-image-preview":"max-image-preview:large","max-video-preview":"max-video-preview:-1"},"canonical":"https:\/\/rosillohnos.com\/en\/contratacion-directa\/","og_locale":"en_GB","og_type":"article","og_title":"Contrataci\u00f3n Directa - Rosillo Hnos S.A","og_description":"Contrata tu seguro directamente. R\u00e1pido, seguro y f\u00e1cil, t\u00fa mismo en pocos minutos.","og_url":"https:\/\/rosillohnos.com\/en\/contratacion-directa\/","og_site_name":"Rosillo Hnos S.A","article_publisher":"https:\/\/www.facebook.com\/RosilloHnosCorreduria\/","article_modified_time":"2026-02-11T09:05:36+00:00","twitter_card":"summary_large_image","twitter_misc":{"Est. reading time":"1 minute"},"schema":{"@context":"https:\/\/schema.org","@graph":[{"@type":"WebPage","@id":"https:\/\/rosillohnos.com\/contratacion-directa\/","url":"https:\/\/rosillohnos.com\/contratacion-directa\/","name":"Contrataci\u00f3n Directa - Rosillo Hnos S.A","isPartOf":{"@id":"https:\/\/rosillohnos.com\/#website"},"datePublished":"2025-06-18T07:48:27+00:00","dateModified":"2026-02-11T09:05:36+00:00","description":"Contrata tu seguro directamente. R\u00e1pido, seguro y f\u00e1cil, t\u00fa mismo en pocos minutos.","breadcrumb":{"@id":"https:\/\/rosillohnos.com\/contratacion-directa\/#breadcrumb"},"inLanguage":"en-GB","potentialAction":[{"@type":"ReadAction","target":["https:\/\/rosillohnos.com\/contratacion-directa\/"]}]},{"@type":"BreadcrumbList","@id":"https:\/\/rosillohnos.com\/contratacion-directa\/#breadcrumb","itemListElement":[{"@type":"ListItem","position":1,"name":"Portada","item":"https:\/\/rosillohnos.com\/"},{"@type":"ListItem","position":2,"name":"Contrataci\u00f3n Directa"}]},{"@type":"WebSite","@id":"https:\/\/rosillohnos.com\/#website","url":"https:\/\/rosillohnos.com\/","name":"Rosillo Hnos S.A","description":"Desde hace m\u00e1s de 25 a\u00f1os en Rosillo Hermanos tenemos el compromiso de ofrecer a particulares, aut\u00f3nomos y empresas, un servicio profesional y de calidad.","publisher":{"@id":"https:\/\/rosillohnos.com\/#organization"},"potentialAction":[{"@type":"SearchAction","target":{"@type":"EntryPoint","urlTemplate":"https:\/\/rosillohnos.com\/?s={search_term_string}"},"query-input":{"@type":"PropertyValueSpecification","valueRequired":true,"valueName":"search_term_string"}}],"inLanguage":"en-GB"},{"@type":"Organization","@id":"https:\/\/rosillohnos.com\/#organization","name":"Rosillo Hnos S.A","url":"https:\/\/rosillohnos.com\/","logo":{"@type":"ImageObject","inLanguage":"en-GB","@id":"https:\/\/rosillohnos.com\/#\/schema\/logo\/image\/","url":"https:\/\/rosillohnos.com\/wp-content\/uploads\/Rosillo-logo-2021.png","contentUrl":"https:\/\/rosillohnos.com\/wp-content\/uploads\/Rosillo-logo-2021.png","width":1691,"height":573,"caption":"Rosillo Hnos S.A"},"image":{"@id":"https:\/\/rosillohnos.com\/#\/schema\/logo\/image\/"},"sameAs":["https:\/\/www.facebook.com\/RosilloHnosCorreduria\/","https:\/\/www.linkedin.com\/company\/rosillo-hermanos-corredura-de-seguros\/","https:\/\/www.instagram.com\/rosillohnos\/"]}]}},"_links":{"self":[{"href":"https:\/\/rosillohnos.com\/en\/wp-json\/wp\/v2\/pages\/19746","targetHints":{"allow":["GET"]}}],"collection":[{"href":"https:\/\/rosillohnos.com\/en\/wp-json\/wp\/v2\/pages"}],"about":[{"href":"https:\/\/rosillohnos.com\/en\/wp-json\/wp\/v2\/types\/page"}],"author":[{"embeddable":true,"href":"https:\/\/rosillohnos.com\/en\/wp-json\/wp\/v2\/users\/3"}],"replies":[{"embeddable":true,"href":"https:\/\/rosillohnos.com\/en\/wp-json\/wp\/v2\/comments?post=19746"}],"version-history":[{"count":220,"href":"https:\/\/rosillohnos.com\/en\/wp-json\/wp\/v2\/pages\/19746\/revisions"}],"predecessor-version":[{"id":20878,"href":"https:\/\/rosillohnos.com\/en\/wp-json\/wp\/v2\/pages\/19746\/revisions\/20878"}],"wp:attachment":[{"href":"https:\/\/rosillohnos.com\/en\/wp-json\/wp\/v2\/media?parent=19746"}],"curies":[{"name":"wp","href":"https:\/\/api.w.org\/{rel}","templated":true}]}}