{"id":16091,"date":"2025-05-28T12:31:41","date_gmt":"2025-05-28T12:31:41","guid":{"rendered":"https:\/\/rosillohnos.com\/?page_id=16091"},"modified":"2026-05-07T07:34:55","modified_gmt":"2026-05-07T06:34:55","slug":"politica-cookies","status":"publish","type":"page","link":"https:\/\/rosillohnos.com\/en\/politica-cookies\/","title":{"rendered":"Politica Cookies"},"content":{"rendered":"\t\t<div data-elementor-type=\"wp-page\" data-elementor-id=\"16091\" class=\"elementor elementor-16091\">\n\t\t\t\t<div class=\"elementor-element elementor-element-f782c7e e-flex e-con-boxed e-con e-parent\" data-id=\"f782c7e\" data-element_type=\"container\" data-e-type=\"container\">\n\t\t\t\t\t<div class=\"e-con-inner\">\n\t\t\t\t<div class=\"elementor-element elementor-element-fb4efda elementor-widget elementor-widget-qi_addons_for_elementor_section_title\" data-id=\"fb4efda\" data-element_type=\"widget\" data-e-type=\"widget\" data-widget_type=\"qi_addons_for_elementor_section_title.default\">\n\t\t\t\t<div class=\"elementor-widget-container\">\n\t\t\t\t\t<div class=\"qodef-shortcode qodef-m qodef-qi-section-title qodef-decoration--italic qodef-link--underline-draw qodef-subtitle-icon--left\">\n\t\t\t\t\t\t<h4 class=\"qodef-m-title\">\n\t\tPOL\u00cdTICA DE COOKIES\t<\/h4>\n\t\t\t<\/div>\n\t\t\t\t<\/div>\n\t\t\t\t<\/div>\n\t\t\t\t<div class=\"elementor-element elementor-element-ab54733 elementor-widget elementor-widget-text-editor\" data-id=\"ab54733\" data-element_type=\"widget\" data-e-type=\"widget\" data-widget_type=\"text-editor.default\">\n\t\t\t\t<div class=\"elementor-widget-container\">\n\t\t\t\t\t\t\t\t\t<p>La web de <strong>ROSILLO HERMANOS, S.A.<\/strong> (rosillohermanos.com, rosillohnos.com, segurosrosillo.com y segurosrosillohnos.naujcloud.com) utiliza cookies propias y de terceros para garantizar el correcto funcionamiento del sitio, analizar el tr\u00e1fico de forma an\u00f3nima y mejorar la experiencia del usuario.<\/p><p>\u00a0<\/p><p><strong>\u00bfQu\u00e9 son las cookies?<\/strong><\/p><p>Las cookies son peque\u00f1os archivos que se almacenan en tu dispositivo cuando navegas por nuestra web. Nos permiten reconocerte, recordar tus preferencias y obtener informaci\u00f3n estad\u00edstica sobre el uso del sitio.<\/p><p><strong>Tipos de cookies que utilizamos<\/strong><\/p><table><thead><tr><td><p><strong>Tipo<\/strong><\/p><\/td><td><p><strong>Finalidad<\/strong><\/p><\/td><td><p><strong>\u00bfRequieren consentimiento?<\/strong><\/p><\/td><\/tr><\/thead><tbody><tr><td><p><strong>T\u00e9cnicas<\/strong><\/p><\/td><td><p>Imprescindibles para el funcionamiento de la web (navegaci\u00f3n, inicio de sesi\u00f3n, seguridad).<\/p><\/td><td><p>\u274c No<\/p><\/td><\/tr><tr><td><p><strong>Preferencias<\/strong><\/p><\/td><td><p>Permiten recordar tu idioma o configuraci\u00f3n.<\/p><\/td><td><p>\u2705 S\u00ed<\/p><\/td><\/tr><tr><td><p><strong>Anal\u00edticas<\/strong><\/p><\/td><td><p>Nos ayudan a conocer c\u00f3mo navegas por nuestra web y mejorarla. Ej. Google Analytics (IP anonimizada).<\/p><\/td><td><p>\u2705 S\u00ed<\/p><\/td><\/tr><tr><td><p><strong>Publicitarias<\/strong><\/p><\/td><td><p>Para mostrarte contenido personalizado.<\/p><\/td><td><p>\u2705 S\u00ed<\/p><\/td><\/tr><\/tbody><\/table><p>\u00a0<\/p><p><strong>Cookies espec\u00edficas que utilizamos<\/strong><\/p><p style=\"padding-left: 40px;\"><strong>\ud83d\udd27<\/strong><strong> Cookies propias<\/strong><\/p><ul><li style=\"list-style-type: none;\"><ul><li style=\"list-style-type: none;\"><ul><li style=\"list-style-type: none;\"><ul><li><strong>WordPress (usuarios internos):<\/strong> gesti\u00f3n de sesiones y preferencias.<\/li><li><strong>Preferencias de cookies:<\/strong> guarda tu configuraci\u00f3n de consentimiento.<\/li><\/ul><\/li><\/ul><\/li><\/ul><\/li><\/ul><p style=\"padding-left: 40px;\"><strong>\ud83d\udcca<\/strong><strong> Cookies de terceros<\/strong><\/p><ul><li style=\"list-style-type: none;\"><ul><li style=\"list-style-type: none;\"><ul><li style=\"list-style-type: none;\"><ul><li><strong>Google Analytics:<\/strong> analiza el comportamiento del usuario en el sitio. IP anonimizada.<br \/>M\u00e1s info aqu\u00ed<\/li><\/ul><\/li><\/ul><\/li><\/ul><\/li><\/ul><p>\u00a0<\/p><p><strong>\u00bfC\u00f3mo puedes gestionar las cookies?<\/strong><\/p><p>Al acceder por primera vez, puedes aceptar, rechazar o configurar las cookies seg\u00fan tu elecci\u00f3n. Tambi\u00e9n puedes <strong>modificar tu configuraci\u00f3n en cualquier momento desde [este enlace al panel de cookies]<\/strong> (a\u00f1adir enlace si ten\u00e9is CMP o herramienta de gesti\u00f3n).<\/p><p>Adem\u00e1s, puedes eliminarlas o bloquearlas desde la configuraci\u00f3n de tu navegador:<\/p><ul><li style=\"list-style-type: none;\"><ul><li><a href=\"https:\/\/support.google.com\/accounts\/answer\/61416?hl=es\">Chrome<\/a><\/li><li><a href=\"https:\/\/support.mozilla.org\/es\/kb\/habilitar-y-deshabilitar-cookies-sitios-web-rastrear-preferencias\">Firefox<\/a><\/li><li><a href=\"https:\/\/support.apple.com\/es-es\/guide\/safari\/sfri11471\/mac\">Safari<\/a><\/li><li><a href=\"https:\/\/support.microsoft.com\/es-es\/help\/4027947\/microsoft-edge-delete-cookies\">Edge<\/a><\/li><li><a href=\"http:\/\/help.opera.com\/Linux\/10.60\/es-ES\/cookies.html\">Opera<\/a><\/li><\/ul><\/li><\/ul><p>\u00a0<\/p><p><strong>M\u00e1s informaci\u00f3n<\/strong><\/p><p>Puedes contactar con nosotros en: <a href=\"mailto:info@rosillohnos.es\"><strong>info@rosillohnos.es<\/strong><\/a><\/p><p>\u00a0<\/p><p>Consulta la Gu\u00eda sobre el uso de cookies de la AEPD para m\u00e1s informaci\u00f3n legal.<\/p>\t\t\t\t\t\t\t\t<\/div>\n\t\t\t\t<\/div>\n\t\t\t\t\t<\/div>\n\t\t\t\t<\/div>\n\t\t<div class=\"elementor-element elementor-element-2cc144c3 e-con-full e-flex e-con e-parent\" data-id=\"2cc144c3\" data-element_type=\"container\" data-e-type=\"container\" data-settings=\"{&quot;background_background&quot;:&quot;classic&quot;}\">\n\t\t\t\t<div class=\"elementor-element elementor-element-738a47bb elementor-widget elementor-widget-acheron_core_text_marquee\" data-id=\"738a47bb\" data-element_type=\"widget\" data-e-type=\"widget\" data-widget_type=\"acheron_core_text_marquee.default\">\n\t\t\t\t<div class=\"elementor-widget-container\">\n\t\t\t\t\t<div class=\"qodef-shortcode qodef-m  qodef-text-marquee qodef-text-marquee-98 qodef-layout--default qodef-direction--left\" >\n\t<div class=\"qodef-m-content\" style=\"font-size: 15px;font-weight: 200;font-style: italic\">\n\t\t<div class=\"qodef-m-content-inner\">\n\t\t\t\t\t\t\t<span class=\"qodef-m-text-1\" style=\"color:#C1A459\">\n<!--\t\t\t\t\t-->                    Copyright \u00a9 2025 Rosillo Hnos. Corredur\u00eda de seguros. Todos los derechos reservados\t\t\t\t<\/span>\n\t\t\t\t\t\t\t\t<\/div>\n\t<\/div>\n<\/div>\n\t\t\t\t<\/div>\n\t\t\t\t<\/div>\n\t\t\t\t<\/div>\n\t\t\t\t<\/div>\n\t\t","protected":false},"excerpt":{"rendered":"<p>POL\u00cdTICA DE COOKIES La web de ROSILLO HERMANOS, S.A. (rosillohermanos.com, rosillohnos.com, segurosrosillo.com y segurosrosillohnos.naujcloud.com) utiliza cookies propias y de terceros para garantizar el correcto funcionamiento del sitio, analizar el tr\u00e1fico de forma an\u00f3nima y mejorar la experiencia del usuario. \u00a0 \u00bfQu\u00e9 son las cookies? Las cookies son peque\u00f1os archivos que se almacenan en tu dispositivo [&hellip;]<\/p>\n","protected":false},"author":3,"featured_media":0,"parent":0,"menu_order":0,"comment_status":"closed","ping_status":"closed","template":"page-full-width.php","meta":{"footnotes":""},"class_list":["post-16091","page","type-page","status-publish","hentry"],"yoast_head":"<!-- This site is optimized with the Yoast SEO plugin v27.6 - https:\/\/yoast.com\/product\/yoast-seo-wordpress\/ -->\n<title>Politica Cookies - Rosillo Hnos S.A<\/title>\n<meta name=\"description\" content=\"Conoce c\u00f3mo Rosillo Hermanos utiliza cookies para mejorar tu experiencia en el sitio web, garantizar la seguridad y personalizar el contenido seg\u00fan tus preferencias.\" \/>\n<meta name=\"robots\" content=\"index, follow, max-snippet:-1, max-image-preview:large, max-video-preview:-1\" \/>\n<link rel=\"canonical\" href=\"https:\/\/rosillohnos.com\/en\/politica-cookies\/\" \/>\n<meta property=\"og:locale\" content=\"en_GB\" \/>\n<meta property=\"og:type\" content=\"article\" \/>\n<meta property=\"og:title\" content=\"Politica Cookies - Rosillo Hnos S.A\" \/>\n<meta property=\"og:description\" content=\"Conoce c\u00f3mo Rosillo Hermanos utiliza cookies para mejorar tu experiencia en el sitio web, garantizar la seguridad y personalizar el contenido seg\u00fan tus preferencias.\" \/>\n<meta property=\"og:url\" content=\"https:\/\/rosillohnos.com\/en\/politica-cookies\/\" \/>\n<meta property=\"og:site_name\" content=\"Rosillo Hnos S.A\" \/>\n<meta property=\"article:publisher\" content=\"https:\/\/www.facebook.com\/RosilloHnosCorreduria\/\" \/>\n<meta property=\"article:modified_time\" content=\"2026-05-07T06:34:55+00:00\" \/>\n<meta name=\"twitter:card\" content=\"summary_large_image\" \/>\n<meta name=\"twitter:label1\" content=\"Est. reading time\" \/>\n\t<meta name=\"twitter:data1\" content=\"2 minutes\" \/>\n<script type=\"application\/ld+json\" class=\"yoast-schema-graph\">{\"@context\":\"https:\\\/\\\/schema.org\",\"@graph\":[{\"@type\":\"WebPage\",\"@id\":\"https:\\\/\\\/rosillohnos.com\\\/politica-cookies\\\/\",\"url\":\"https:\\\/\\\/rosillohnos.com\\\/politica-cookies\\\/\",\"name\":\"Politica Cookies - Rosillo Hnos S.A\",\"isPartOf\":{\"@id\":\"https:\\\/\\\/rosillohnos.com\\\/#website\"},\"datePublished\":\"2025-05-28T12:31:41+00:00\",\"dateModified\":\"2026-05-07T06:34:55+00:00\",\"description\":\"Conoce c\u00f3mo Rosillo Hermanos utiliza cookies para mejorar tu experiencia en el sitio web, garantizar la seguridad y personalizar el contenido seg\u00fan tus preferencias.\",\"breadcrumb\":{\"@id\":\"https:\\\/\\\/rosillohnos.com\\\/politica-cookies\\\/#breadcrumb\"},\"inLanguage\":\"en-GB\",\"potentialAction\":[{\"@type\":\"ReadAction\",\"target\":[\"https:\\\/\\\/rosillohnos.com\\\/politica-cookies\\\/\"]}]},{\"@type\":\"BreadcrumbList\",\"@id\":\"https:\\\/\\\/rosillohnos.com\\\/politica-cookies\\\/#breadcrumb\",\"itemListElement\":[{\"@type\":\"ListItem\",\"position\":1,\"name\":\"Portada\",\"item\":\"https:\\\/\\\/rosillohnos.com\\\/\"},{\"@type\":\"ListItem\",\"position\":2,\"name\":\"Politica Cookies\"}]},{\"@type\":\"WebSite\",\"@id\":\"https:\\\/\\\/rosillohnos.com\\\/#website\",\"url\":\"https:\\\/\\\/rosillohnos.com\\\/\",\"name\":\"Rosillo Hnos S.A\",\"description\":\"Desde hace m\u00e1s de 25 a\u00f1os en Rosillo Hermanos tenemos el compromiso de ofrecer a particulares, aut\u00f3nomos y empresas, un servicio profesional y de calidad.\",\"publisher\":{\"@id\":\"https:\\\/\\\/rosillohnos.com\\\/#organization\"},\"potentialAction\":[{\"@type\":\"SearchAction\",\"target\":{\"@type\":\"EntryPoint\",\"urlTemplate\":\"https:\\\/\\\/rosillohnos.com\\\/?s={search_term_string}\"},\"query-input\":{\"@type\":\"PropertyValueSpecification\",\"valueRequired\":true,\"valueName\":\"search_term_string\"}}],\"inLanguage\":\"en-GB\"},{\"@type\":\"Organization\",\"@id\":\"https:\\\/\\\/rosillohnos.com\\\/#organization\",\"name\":\"Rosillo Hnos S.A\",\"url\":\"https:\\\/\\\/rosillohnos.com\\\/\",\"logo\":{\"@type\":\"ImageObject\",\"inLanguage\":\"en-GB\",\"@id\":\"https:\\\/\\\/rosillohnos.com\\\/#\\\/schema\\\/logo\\\/image\\\/\",\"url\":\"https:\\\/\\\/rosillohnos.com\\\/wp-content\\\/uploads\\\/Rosillo-logo-2021.png\",\"contentUrl\":\"https:\\\/\\\/rosillohnos.com\\\/wp-content\\\/uploads\\\/Rosillo-logo-2021.png\",\"width\":1691,\"height\":573,\"caption\":\"Rosillo Hnos S.A\"},\"image\":{\"@id\":\"https:\\\/\\\/rosillohnos.com\\\/#\\\/schema\\\/logo\\\/image\\\/\"},\"sameAs\":[\"https:\\\/\\\/www.facebook.com\\\/RosilloHnosCorreduria\\\/\",\"https:\\\/\\\/www.linkedin.com\\\/company\\\/rosillo-hermanos-corredura-de-seguros\\\/\",\"https:\\\/\\\/www.instagram.com\\\/rosillohnos\\\/\"]}]}<\/script>\n<!-- \/ Yoast SEO plugin. -->","yoast_head_json":{"title":"Politica Cookies - Rosillo Hnos S.A","description":"Conoce c\u00f3mo Rosillo Hermanos utiliza cookies para mejorar tu experiencia en el sitio web, garantizar la seguridad y personalizar el contenido seg\u00fan tus preferencias.","robots":{"index":"index","follow":"follow","max-snippet":"max-snippet:-1","max-image-preview":"max-image-preview:large","max-video-preview":"max-video-preview:-1"},"canonical":"https:\/\/rosillohnos.com\/en\/politica-cookies\/","og_locale":"en_GB","og_type":"article","og_title":"Politica Cookies - Rosillo Hnos S.A","og_description":"Conoce c\u00f3mo Rosillo Hermanos utiliza cookies para mejorar tu experiencia en el sitio web, garantizar la seguridad y personalizar el contenido seg\u00fan tus preferencias.","og_url":"https:\/\/rosillohnos.com\/en\/politica-cookies\/","og_site_name":"Rosillo Hnos S.A","article_publisher":"https:\/\/www.facebook.com\/RosilloHnosCorreduria\/","article_modified_time":"2026-05-07T06:34:55+00:00","twitter_card":"summary_large_image","twitter_misc":{"Est. reading time":"2 minutes"},"schema":{"@context":"https:\/\/schema.org","@graph":[{"@type":"WebPage","@id":"https:\/\/rosillohnos.com\/politica-cookies\/","url":"https:\/\/rosillohnos.com\/politica-cookies\/","name":"Politica Cookies - Rosillo Hnos S.A","isPartOf":{"@id":"https:\/\/rosillohnos.com\/#website"},"datePublished":"2025-05-28T12:31:41+00:00","dateModified":"2026-05-07T06:34:55+00:00","description":"Conoce c\u00f3mo Rosillo Hermanos utiliza cookies para mejorar tu experiencia en el sitio web, garantizar la seguridad y personalizar el contenido seg\u00fan tus preferencias.","breadcrumb":{"@id":"https:\/\/rosillohnos.com\/politica-cookies\/#breadcrumb"},"inLanguage":"en-GB","potentialAction":[{"@type":"ReadAction","target":["https:\/\/rosillohnos.com\/politica-cookies\/"]}]},{"@type":"BreadcrumbList","@id":"https:\/\/rosillohnos.com\/politica-cookies\/#breadcrumb","itemListElement":[{"@type":"ListItem","position":1,"name":"Portada","item":"https:\/\/rosillohnos.com\/"},{"@type":"ListItem","position":2,"name":"Politica Cookies"}]},{"@type":"WebSite","@id":"https:\/\/rosillohnos.com\/#website","url":"https:\/\/rosillohnos.com\/","name":"Rosillo Hnos S.A","description":"Desde hace m\u00e1s de 25 a\u00f1os en Rosillo Hermanos tenemos el compromiso de ofrecer a particulares, aut\u00f3nomos y empresas, un servicio profesional y de calidad.","publisher":{"@id":"https:\/\/rosillohnos.com\/#organization"},"potentialAction":[{"@type":"SearchAction","target":{"@type":"EntryPoint","urlTemplate":"https:\/\/rosillohnos.com\/?s={search_term_string}"},"query-input":{"@type":"PropertyValueSpecification","valueRequired":true,"valueName":"search_term_string"}}],"inLanguage":"en-GB"},{"@type":"Organization","@id":"https:\/\/rosillohnos.com\/#organization","name":"Rosillo Hnos S.A","url":"https:\/\/rosillohnos.com\/","logo":{"@type":"ImageObject","inLanguage":"en-GB","@id":"https:\/\/rosillohnos.com\/#\/schema\/logo\/image\/","url":"https:\/\/rosillohnos.com\/wp-content\/uploads\/Rosillo-logo-2021.png","contentUrl":"https:\/\/rosillohnos.com\/wp-content\/uploads\/Rosillo-logo-2021.png","width":1691,"height":573,"caption":"Rosillo Hnos S.A"},"image":{"@id":"https:\/\/rosillohnos.com\/#\/schema\/logo\/image\/"},"sameAs":["https:\/\/www.facebook.com\/RosilloHnosCorreduria\/","https:\/\/www.linkedin.com\/company\/rosillo-hermanos-corredura-de-seguros\/","https:\/\/www.instagram.com\/rosillohnos\/"]}]}},"_links":{"self":[{"href":"https:\/\/rosillohnos.com\/en\/wp-json\/wp\/v2\/pages\/16091","targetHints":{"allow":["GET"]}}],"collection":[{"href":"https:\/\/rosillohnos.com\/en\/wp-json\/wp\/v2\/pages"}],"about":[{"href":"https:\/\/rosillohnos.com\/en\/wp-json\/wp\/v2\/types\/page"}],"author":[{"embeddable":true,"href":"https:\/\/rosillohnos.com\/en\/wp-json\/wp\/v2\/users\/3"}],"replies":[{"embeddable":true,"href":"https:\/\/rosillohnos.com\/en\/wp-json\/wp\/v2\/comments?post=16091"}],"version-history":[{"count":14,"href":"https:\/\/rosillohnos.com\/en\/wp-json\/wp\/v2\/pages\/16091\/revisions"}],"predecessor-version":[{"id":20356,"href":"https:\/\/rosillohnos.com\/en\/wp-json\/wp\/v2\/pages\/16091\/revisions\/20356"}],"wp:attachment":[{"href":"https:\/\/rosillohnos.com\/en\/wp-json\/wp\/v2\/media?parent=16091"}],"curies":[{"name":"wp","href":"https:\/\/api.w.org\/{rel}","templated":true}]}}